{"id":82,"date":"2020-12-07T16:13:57","date_gmt":"2020-12-07T15:13:57","guid":{"rendered":"https:\/\/sgv-oberkirchen.de\/ver_01\/?page_id=82"},"modified":"2026-04-30T10:51:50","modified_gmt":"2026-04-30T08:51:50","slug":"startseite","status":"publish","type":"page","link":"https:\/\/sgv-oberkirchen.de\/ver_01\/","title":{"rendered":"Startseite"},"content":{"rendered":"\n<p><\/p>\n\n\n\n<h2 class=\"wp-block-heading has-text-align-center has-medium-font-size\">Herzlich Willkommen auf der Website des SGV Oberkirchen.<br>Sch\u00f6n, dass Sie zu uns gefunden haben.<\/h2>\n\n\n\n<p><\/p>\n\n\n<div class=\"n2-section-smartslider fitvidsignore  n2_clear\" data-ssid=\"6\" tabindex=\"0\" role=\"region\" aria-label=\"Slider\"><div id=\"n2-ss-6-align\" class=\"n2-ss-align\"><div class=\"n2-padding\"><div id=\"n2-ss-6\" data-creator=\"Smart Slider 3\" data-responsive=\"auto\" class=\"n2-ss-slider n2-ow n2-has-hover n2notransition  \">\n        <div class=\"n2-ss-slider-1 n2_ss__touch_element n2-ow\">\n            <div class=\"n2-ss-slider-2 n2-ow\">\n                                                <div class=\"n2-ss-slider-3 n2-ow\">\n\n                    <div class=\"n2-ss-slide-backgrounds n2-ow-all\"><div class=\"n2-ss-slide-background\" data-public-id=\"1\" data-mode=\"center\"><div class=\"n2-ss-slide-background-image\" data-blur=\"0\" data-opacity=\"100\" data-x=\"50\" data-y=\"50\" data-alt=\"\" data-title=\"\"><picture class=\"skip-lazy\" data-skip-lazy=\"1\"><img decoding=\"async\" src=\"\/\/sgv-oberkirchen.de\/ver_01\/wp-content\/uploads\/2020\/12\/sgv.jpg\" alt=\"\" title=\"\" loading=\"lazy\" class=\"skip-lazy\" data-skip-lazy=\"1\"><\/picture><\/div><div data-color=\"RGBA(255,255,255,0)\" style=\"background-color: RGBA(255,255,255,0);\" class=\"n2-ss-slide-background-color\"><\/div><\/div><div class=\"n2-ss-slide-background\" data-public-id=\"2\" data-mode=\"center\" aria-hidden=\"true\"><div class=\"n2-ss-slide-background-image\" data-blur=\"0\" data-opacity=\"100\" data-x=\"50\" data-y=\"50\" data-alt=\"\" data-title=\"\"><picture class=\"skip-lazy\" data-skip-lazy=\"1\"><img decoding=\"async\" src=\"\/\/sgv-oberkirchen.de\/ver_01\/wp-content\/uploads\/2022\/03\/oberkirchen.jpg\" alt=\"\" title=\"\" loading=\"lazy\" class=\"skip-lazy\" data-skip-lazy=\"1\"><\/picture><\/div><div data-color=\"RGBA(255,255,255,0)\" style=\"background-color: RGBA(255,255,255,0);\" class=\"n2-ss-slide-background-color\"><\/div><\/div><div class=\"n2-ss-slide-background\" data-public-id=\"3\" data-mode=\"fill\" aria-hidden=\"true\"><div class=\"n2-ss-slide-background-image\" data-blur=\"0\" data-opacity=\"100\" data-x=\"45\" data-y=\"84\" data-alt=\"\" data-title=\"\" style=\"--ss-o-pos-x:45%;--ss-o-pos-y:84%\"><picture class=\"skip-lazy\" data-skip-lazy=\"1\"><img decoding=\"async\" src=\"\/\/sgv-oberkirchen.de\/ver_01\/wp-content\/uploads\/2020\/12\/sgv_oberkirchen.jpg\" alt=\"\" title=\"\" loading=\"lazy\" class=\"skip-lazy\" data-skip-lazy=\"1\"><\/picture><\/div><div data-color=\"RGBA(255,255,255,0)\" style=\"background-color: RGBA(255,255,255,0);\" class=\"n2-ss-slide-background-color\"><\/div><\/div><\/div>                    <div class=\"n2-ss-slider-4 n2-ow\">\n                        <svg xmlns=\"http:\/\/www.w3.org\/2000\/svg\" viewBox=\"0 0 800 300\" data-related-device=\"desktopPortrait\" class=\"n2-ow n2-ss-preserve-size n2-ss-preserve-size--slider n2-ss-slide-limiter\"><\/svg><div data-first=\"1\" data-slide-duration=\"0\" data-id=\"20\" data-slide-public-id=\"1\" data-title=\"sgv\" class=\"n2-ss-slide n2-ow  n2-ss-slide-20\"><div role=\"note\" class=\"n2-ss-slide--focus\" tabindex=\"-1\">sgv<\/div><div class=\"n2-ss-layers-container n2-ss-slide-limiter n2-ow\"><div class=\"n2-ss-layer n2-ow n-uc-ExBzQWedt1AP\" data-sstype=\"slide\" data-pm=\"default\"><\/div><\/div><\/div><div data-slide-duration=\"0\" data-id=\"25\" data-slide-public-id=\"2\" aria-hidden=\"true\" data-title=\"oberkirchen\" class=\"n2-ss-slide n2-ow  n2-ss-slide-25\"><div role=\"note\" class=\"n2-ss-slide--focus\" tabindex=\"-1\">oberkirchen<\/div><div class=\"n2-ss-layers-container n2-ss-slide-limiter n2-ow\"><div class=\"n2-ss-layer n2-ow n-uc-W0tK3EmCfLXZ\" data-sstype=\"slide\" data-pm=\"default\"><\/div><\/div><\/div><div data-slide-duration=\"0\" data-id=\"23\" data-slide-public-id=\"3\" aria-hidden=\"true\" data-title=\"sgv_oberkirchen\" class=\"n2-ss-slide n2-ow  n2-ss-slide-23\"><div role=\"note\" class=\"n2-ss-slide--focus\" tabindex=\"-1\">sgv_oberkirchen<\/div><div class=\"n2-ss-layers-container n2-ss-slide-limiter n2-ow\"><div class=\"n2-ss-layer n2-ow n-uc-AUBDUrwHmacB\" data-sstype=\"slide\" data-pm=\"default\"><\/div><\/div><\/div>                    <\/div>\n\n                                    <\/div>\n            <\/div>\n        <\/div>\n        <\/div><ss3-loader><\/ss3-loader><\/div><\/div><div class=\"n2_clear\"><\/div><\/div>\n\n\n<hr class=\"wp-block-separator has-css-opacity\"\/>\n\n\n\n<h2 class=\"wp-block-heading\">Sauerl\u00e4ndischer Gebirgsverein<\/h2>\n\n\n\n<blockquote class=\"wp-block-quote is-layout-flow wp-block-quote-is-layout-flow\">\n<p>Der SGV organisiert Veranstaltungen und engagiert sich im Bereich des&nbsp;<a rel=\"noreferrer noopener\" href=\"https:\/\/de.wikipedia.org\/wiki\/Naturschutz\" target=\"_blank\">Naturschutzes<\/a>. Der Verein betreut mehrere tausend&nbsp;<a rel=\"noreferrer noopener\" href=\"https:\/\/de.wikipedia.org\/wiki\/Wanderweg\" target=\"_blank\">Wanderwege<\/a>, darunter zahlreiche&nbsp;<a rel=\"noreferrer noopener\" href=\"https:\/\/de.wikipedia.org\/wiki\/Fernwanderweg\" target=\"_blank\">Weitwanderwege<\/a>. Er ist in seinem Wirkungsbereich, neben den Verwaltungen der&nbsp;<a rel=\"noreferrer noopener\" href=\"https:\/\/de.wikipedia.org\/wiki\/Naturpark\" target=\"_blank\">Naturparke<\/a>, durch das Land&nbsp;<a rel=\"noreferrer noopener\" href=\"https:\/\/de.wikipedia.org\/wiki\/Nordrhein-Westfalen\" target=\"_blank\">Nordrhein-Westfalen<\/a>&nbsp;exklusiv legitimiert, in der freien Landschaft Wanderwege mit&nbsp;<a rel=\"noreferrer noopener\" href=\"https:\/\/de.wikipedia.org\/wiki\/Wegzeichen\" target=\"_blank\">Wegzeichen<\/a>&nbsp;zu markieren. Das Wanderwegenetz umfasst eine L\u00e4nge von rund 34.000&nbsp;km, wovon rund 4.300&nbsp;km als&nbsp;<a rel=\"noreferrer noopener\" href=\"https:\/\/de.wikipedia.org\/wiki\/Hauptwanderstrecken_des_Sauerl%C3%A4ndischen_Gebirgsvereins\" target=\"_blank\">SGV-Hauptwanderwege<\/a>&nbsp;ausgewiesen sind. Im Vereinsbesitz sind mehrere dutzend Hektar Wald, die erworben wurden, um sie als Naturschutzgebiet widmen zu lassen<\/p>\n\n\n\n<h2 class=\"wp-block-heading\"><\/h2>\n<cite>Auszug aus <a href=\"https:\/\/de.wikipedia.org\/wiki\/Sauerl%C3%A4ndischer_Gebirgsverein\">Wikipedia<\/a><\/cite><\/blockquote>\n\n\n\n<hr class=\"wp-block-separator has-css-opacity\"\/>\n\n\n\n<h3 class=\"wp-block-heading\">Neue Termine 2026<\/h3>\n\n\n\n<p>alle Veranstaltungstermine 2026 gibt es hier: <a href=\"https:\/\/sgv-oberkirchen.de\/ver_01\/termine\/\">Termine<\/a><\/p>\n\n\n\n<hr class=\"wp-block-separator has-alpha-channel-opacity\"\/>\n\n\n\n<h2 class=\"wp-block-heading\">E-Bike Training<\/h2>\n\n\n\n<p>Am Freitag, 29.5.26 , findet von 14 bis 17 Uhr ein E-Bike Training an der Grundschule in Oberkirchen mit der Polizei HSK statt.<\/p>\n\n\n\n<p>hier weitere Infos: <a href=\"https:\/\/sgv-oberkirchen.de\/ver_01\/aktuelles\/\">E-Bike Training<\/a><\/p>\n\n\n\n<blockquote class=\"wp-block-quote is-layout-flow wp-block-quote-is-layout-flow\">\n<p><\/p>\n<\/blockquote>\n\n\n\n<hr class=\"wp-block-separator has-alpha-channel-opacity\"\/>\n\n\n\n<h2 class=\"wp-block-heading\">Mai-Wanderung<\/h2>\n\n\n\n<p>Am Freitag, 1. Mai findet unsere diesj\u00e4hrige Mai-Wanderung statt. Die Wanderung f\u00fchrt uns von Oberkirchen, \u00fcber den Wilzenberg zu Deimanns Knollenh\u00fctte (Einkehr). Weiter geht&#8217;s durch den Knollensteinbruch, wei\u00dfes Kreuz, die Hardt zur\u00fcck nach Oberkirchen.<\/p>\n\n\n\n<p>hier weitere Infos: <a href=\"https:\/\/sgv-oberkirchen.de\/ver_01\/aktuelles\/\">Mai-Wanderung<\/a><\/p>\n\n\n\n<hr class=\"wp-block-separator has-alpha-channel-opacity\"\/>\n\n\n\n<p><\/p>\n\n\n\n<p><\/p>\n\n\n\n<p><\/p>\n\n\n\n<p><\/p>\n\n\n\n<h3 class=\"wp-block-heading\"><br><\/h3>\n\n\n\n<p><\/p>\n","protected":false},"excerpt":{"rendered":"<p>Herzlich Willkommen auf der Website des SGV Oberkirchen.Sch\u00f6n, dass Sie zu uns gefunden haben. Sauerl\u00e4ndischer Gebirgsverein Der SGV organisiert Veranstaltungen und engagiert sich im Bereich des&nbsp;Naturschutzes. Der Verein betreut mehrere tausend&nbsp;Wanderwege, darunter zahlreiche&nbsp;Weitwanderwege. Er ist in seinem Wirkungsbereich, neben den Verwaltungen der&nbsp;Naturparke, durch das Land&nbsp;Nordrhein-Westfalen&nbsp;exklusiv legitimiert, in der freien Landschaft Wanderwege mit&nbsp;Wegzeichen&nbsp;zu markieren. Das Wanderwegenetz [&hellip;]<\/p>\n","protected":false},"author":1,"featured_media":0,"parent":0,"menu_order":0,"comment_status":"closed","ping_status":"closed","template":"","meta":{"footnotes":""},"class_list":["post-82","page","type-page","status-publish","hentry","post"],"_links":{"self":[{"href":"https:\/\/sgv-oberkirchen.de\/ver_01\/wp-json\/wp\/v2\/pages\/82","targetHints":{"allow":["GET"]}}],"collection":[{"href":"https:\/\/sgv-oberkirchen.de\/ver_01\/wp-json\/wp\/v2\/pages"}],"about":[{"href":"https:\/\/sgv-oberkirchen.de\/ver_01\/wp-json\/wp\/v2\/types\/page"}],"author":[{"embeddable":true,"href":"https:\/\/sgv-oberkirchen.de\/ver_01\/wp-json\/wp\/v2\/users\/1"}],"replies":[{"embeddable":true,"href":"https:\/\/sgv-oberkirchen.de\/ver_01\/wp-json\/wp\/v2\/comments?post=82"}],"version-history":[{"count":117,"href":"https:\/\/sgv-oberkirchen.de\/ver_01\/wp-json\/wp\/v2\/pages\/82\/revisions"}],"predecessor-version":[{"id":844,"href":"https:\/\/sgv-oberkirchen.de\/ver_01\/wp-json\/wp\/v2\/pages\/82\/revisions\/844"}],"wp:attachment":[{"href":"https:\/\/sgv-oberkirchen.de\/ver_01\/wp-json\/wp\/v2\/media?parent=82"}],"curies":[{"name":"wp","href":"https:\/\/api.w.org\/{rel}","templated":true}]}}