{"id":29,"date":"2020-12-07T15:33:12","date_gmt":"2020-12-07T14:33:12","guid":{"rendered":"https:\/\/sgv-oberkirchen.de\/ver_01\/?page_id=29"},"modified":"2021-04-20T22:15:37","modified_gmt":"2021-04-20T20:15:37","slug":"ueber-uns","status":"publish","type":"page","link":"https:\/\/sgv-oberkirchen.de\/ver_01\/ueber-uns\/","title":{"rendered":"\u00dcber uns"},"content":{"rendered":"\n<figure class=\"wp-block-image size-large\"><img loading=\"lazy\" decoding=\"async\" width=\"1024\" height=\"768\" src=\"https:\/\/sgv-oberkirchen.de\/ver_01\/wp-content\/uploads\/2020\/12\/sgv_oberkirchen-1024x768.jpg\" alt=\"\" class=\"wp-image-126\" srcset=\"https:\/\/sgv-oberkirchen.de\/ver_01\/wp-content\/uploads\/2020\/12\/sgv_oberkirchen-1024x768.jpg 1024w, https:\/\/sgv-oberkirchen.de\/ver_01\/wp-content\/uploads\/2020\/12\/sgv_oberkirchen-300x225.jpg 300w, https:\/\/sgv-oberkirchen.de\/ver_01\/wp-content\/uploads\/2020\/12\/sgv_oberkirchen-768x576.jpg 768w, https:\/\/sgv-oberkirchen.de\/ver_01\/wp-content\/uploads\/2020\/12\/sgv_oberkirchen.jpg 1200w\" sizes=\"auto, (max-width: 1024px) 100vw, 1024px\" \/><\/figure>\n\n\n\n<p>Die Ziele des SGV sind:<\/p>\n\n\n\n<ul class=\"wp-block-list\"><li>das Wandern zu pflegen<\/li><li>die Tradition in der Region&nbsp;Wachzuhalten<\/li><li>sich f\u00fcr die Belange des Natur- und Umweltschutzes aktiv einzusetzen.<\/li><\/ul>\n\n\n\n<p>Sie k\u00f6nne uns helfen diese Ziele zu erreichen, werden Sie Mitglied in unserer Abteilung des Sauerl\u00e4ndischen Gebirgsvereins!<\/p>\n\n\n\n<p><strong>Jahresbeitr\u00e4ge<\/strong><\/p>\n\n\n\n<figure class=\"wp-block-table is-style-stripes\"><table class=\"has-fixed-layout\"><tbody><tr><td>Erwachsene<\/td><td>20,- Euro<\/td><\/tr><tr><td>Ehegatten<\/td><td>10,- Euro<\/td><\/tr><tr><td>Jugendliche<\/td><td>10,- Euro<\/td><\/tr><tr><td>Azubis\/Studenten<\/td><td>10,- Euro<\/td><\/tr><tr><td>Kinder<\/td><td>beitragsfrei<\/td><\/tr><\/tbody><\/table><figcaption>Die Beitr\u00e4ge werden im Dezember&nbsp;<strong>r\u00fcckwirkend<\/strong>&nbsp;f\u00fcr das ablaufende Jahr eingezogen.<\/figcaption><\/figure>\n","protected":false},"excerpt":{"rendered":"<p>Die Ziele des SGV sind: das Wandern zu pflegen die Tradition in der Region&nbsp;Wachzuhalten sich f\u00fcr die Belange des Natur- und Umweltschutzes aktiv einzusetzen. Sie k\u00f6nne uns helfen diese Ziele zu erreichen, werden Sie Mitglied in unserer Abteilung des Sauerl\u00e4ndischen Gebirgsvereins! Jahresbeitr\u00e4ge Erwachsene 20,- Euro Ehegatten 10,- Euro Jugendliche 10,- Euro Azubis\/Studenten 10,- Euro Kinder [&hellip;]<\/p>\n","protected":false},"author":1,"featured_media":0,"parent":0,"menu_order":0,"comment_status":"closed","ping_status":"closed","template":"","meta":{"footnotes":""},"class_list":["post-29","page","type-page","status-publish","hentry","post"],"_links":{"self":[{"href":"https:\/\/sgv-oberkirchen.de\/ver_01\/wp-json\/wp\/v2\/pages\/29","targetHints":{"allow":["GET"]}}],"collection":[{"href":"https:\/\/sgv-oberkirchen.de\/ver_01\/wp-json\/wp\/v2\/pages"}],"about":[{"href":"https:\/\/sgv-oberkirchen.de\/ver_01\/wp-json\/wp\/v2\/types\/page"}],"author":[{"embeddable":true,"href":"https:\/\/sgv-oberkirchen.de\/ver_01\/wp-json\/wp\/v2\/users\/1"}],"replies":[{"embeddable":true,"href":"https:\/\/sgv-oberkirchen.de\/ver_01\/wp-json\/wp\/v2\/comments?post=29"}],"version-history":[{"count":6,"href":"https:\/\/sgv-oberkirchen.de\/ver_01\/wp-json\/wp\/v2\/pages\/29\/revisions"}],"predecessor-version":[{"id":363,"href":"https:\/\/sgv-oberkirchen.de\/ver_01\/wp-json\/wp\/v2\/pages\/29\/revisions\/363"}],"wp:attachment":[{"href":"https:\/\/sgv-oberkirchen.de\/ver_01\/wp-json\/wp\/v2\/media?parent=29"}],"curies":[{"name":"wp","href":"https:\/\/api.w.org\/{rel}","templated":true}]}}