{"id":28,"date":"2020-12-07T15:33:12","date_gmt":"2020-12-07T14:33:12","guid":{"rendered":"https:\/\/sgv-oberkirchen.de\/ver_01\/?page_id=28"},"modified":"2021-04-30T08:47:32","modified_gmt":"2021-04-30T06:47:32","slug":"impressum","status":"publish","type":"page","link":"https:\/\/sgv-oberkirchen.de\/ver_01\/impressum\/","title":{"rendered":"Impressum"},"content":{"rendered":"\n<p><em><strong>Layout, Konzeption und inhaltliche Verantwortung:<\/strong><\/em><br><em><strong>Hubertus Mergheim + Harald Clemens<\/strong><\/em><\/p>\n\n\n\n<p>Tel.:<strong> 02975-8823 oder 8919<\/strong><br>Fax: <strong>02975-1006<\/strong><br>E-Mail: <a href=\"mailto:Hubertus@mergheim.de\"><strong>hubertus@mergheim.de<\/strong><\/a> <a href=\"mailto:harald1clemens@aol.com\"><strong>harald1clemens@aol.com<\/strong><\/a> <a href=\"mailto:andre.mergheim@t-online.de\"><strong>andre.mergheim@t-online.de<\/strong><\/a><\/p>\n\n\n\n<p><strong>Disclaimer:<\/strong><br>Mit Urteil vom 12. Mai. 1998, Landgericht Hamburg: Der Autor dieser Seiten \u00fcbernimmt keinerlei Gew\u00e4hr f\u00fcr die Aktualit\u00e4t, Korrektheit, Vollst\u00e4ndigkeit oder Qualit\u00e4t der bereitgestellten Informationen.<br><br>Der Autor dieser Seite distanziert sich hiermit ausdr\u00fccklich von allen Inhalten der durch direkte oder indirekte Verweise gelinkten Webseiten (&#8222;Hyperlinks&#8220;) und macht sich diese Inhalte nicht zu eigen. Diese Erkl\u00e4rung gilt f\u00fcr alle auf dieser Internetpr\u00e4senz angezeigten Links und f\u00fcr alle Inhalte der Seiten, zu denen die hier aufgef\u00fchrte Banner und Links f\u00fchren.<\/p>\n\n\n\n<p>Diese Seite wurde im Rahmen eines schulischen Projektes des Berufskollegs f\u00fcr Gestaltung und Technik, Aachen erstellt.<\/p>\n\n\n\n<p><strong>Erstellt von: <\/strong>Cedric Derse und Pascal Kla\u00dfen, Abschlussjahrgang 2021<\/p>\n\n\n\n<p><strong>Ansprechpartner: <\/strong>Andreas Herm\u00fchlen OStR<\/p>\n\n\n\n<p><br><br><\/p>\n\n\n\n<div class=\"wp-block-image\"><figure class=\"aligncenter size-large is-resized\"><img loading=\"lazy\" decoding=\"async\" src=\"https:\/\/sgv-oberkirchen.de\/ver_01\/wp-content\/uploads\/2021\/04\/bkgut-logo.jpg\" alt=\"\" class=\"wp-image-369\" width=\"135\" height=\"152\"\/><\/figure><\/div>\n","protected":false},"excerpt":{"rendered":"<p>Layout, Konzeption und inhaltliche Verantwortung:Hubertus Mergheim + Harald Clemens Tel.: 02975-8823 oder 8919Fax: 02975-1006E-Mail: hubertus@mergheim.de harald1clemens@aol.com andre.mergheim@t-online.de Disclaimer:Mit Urteil vom 12. Mai. 1998, Landgericht Hamburg: Der Autor dieser Seiten \u00fcbernimmt keinerlei Gew\u00e4hr f\u00fcr die Aktualit\u00e4t, Korrektheit, Vollst\u00e4ndigkeit oder Qualit\u00e4t der bereitgestellten Informationen. Der Autor dieser Seite distanziert sich hiermit ausdr\u00fccklich von allen Inhalten der durch [&hellip;]<\/p>\n","protected":false},"author":1,"featured_media":0,"parent":0,"menu_order":0,"comment_status":"closed","ping_status":"closed","template":"","meta":{"footnotes":""},"class_list":["post-28","page","type-page","status-publish","hentry","post"],"_links":{"self":[{"href":"https:\/\/sgv-oberkirchen.de\/ver_01\/wp-json\/wp\/v2\/pages\/28","targetHints":{"allow":["GET"]}}],"collection":[{"href":"https:\/\/sgv-oberkirchen.de\/ver_01\/wp-json\/wp\/v2\/pages"}],"about":[{"href":"https:\/\/sgv-oberkirchen.de\/ver_01\/wp-json\/wp\/v2\/types\/page"}],"author":[{"embeddable":true,"href":"https:\/\/sgv-oberkirchen.de\/ver_01\/wp-json\/wp\/v2\/users\/1"}],"replies":[{"embeddable":true,"href":"https:\/\/sgv-oberkirchen.de\/ver_01\/wp-json\/wp\/v2\/comments?post=28"}],"version-history":[{"count":7,"href":"https:\/\/sgv-oberkirchen.de\/ver_01\/wp-json\/wp\/v2\/pages\/28\/revisions"}],"predecessor-version":[{"id":372,"href":"https:\/\/sgv-oberkirchen.de\/ver_01\/wp-json\/wp\/v2\/pages\/28\/revisions\/372"}],"wp:attachment":[{"href":"https:\/\/sgv-oberkirchen.de\/ver_01\/wp-json\/wp\/v2\/media?parent=28"}],"curies":[{"name":"wp","href":"https:\/\/api.w.org\/{rel}","templated":true}]}}