{"id":23,"date":"2020-12-07T15:33:11","date_gmt":"2020-12-07T14:33:11","guid":{"rendered":"https:\/\/sgv-oberkirchen.de\/ver_01\/?page_id=23"},"modified":"2021-06-21T21:48:40","modified_gmt":"2021-06-21T19:48:40","slug":"wanderwege","status":"publish","type":"page","link":"https:\/\/sgv-oberkirchen.de\/ver_01\/wanderwege\/","title":{"rendered":"Wanderwege"},"content":{"rendered":"\n<p><strong>Ortsrundwanderweg 01<\/strong><\/p>\n\n\n\n<p>Durch waldreiches Gebiet bergauf gelangen Sie \u00fcber den M\u00fcckenplatz zum mystischen Hexenplatz. Von dort aus geht es wieder bergab, \u00fcber die L\u00fcttmecke zur\u00fcck in die Ortschaft Oberkirchen.<\/p>\n\n\n<div style=\"min-width: 260px; max-width: 100%\"><script type=\"text\/javascript\" src=\"https:\/\/regio.outdooractive.com\/oar-schmallenberg\/de\/embed\/13600862\/js?mw=false\"><\/script><\/div>\n\n\n<hr class=\"wp-block-separator\"\/>\n\n\n\n<p><strong>Ortsrundwanderweg 03<\/strong><\/p>\n\n\n\n<p>Der&nbsp;<strong>Hardtkopfsteig&nbsp;<\/strong>ist der ideale Wanderweg f\u00fcr echte Naturfreunde und sportliche Familien. Wandern Sie von Oberkirchens Dorfmitte bis zu Deimanns H\u00fctte ausschlie\u00dflich \u00fcber Naturpfade in einer echten Bilderbuchlandschaft. Auf dem Hardtkopf erwartet Sie ein neues Gipfelkreuz mit Aussicht \u00fcber das Schmallenberger Sauerland. Auch die Aussicht vom Bildstock auf dem Hardtr\u00fccken ist auf der Tour sehr zu empfehlen.<\/p>\n\n\n<div style=\"min-width: 260px; max-width: 100%\"><script type=\"text\/javascript\" src=\"https:\/\/regio.outdooractive.com\/oar-schmallenberg\/de\/embed\/51475562\/js?mw=false\"><\/script><\/div>\n\n\n<hr class=\"wp-block-separator\"\/>\n\n\n\n<p><strong>Ortsrundwanderweg 04<\/strong><\/p>\n\n\n\n<p>Die Tour f\u00fchrt Sie zun\u00e4chst bis nach Winkhausen. Nach dem Aufstieg zum Wilzenbergs haben Sie fantastische Ausblicke \u00fcber das Schmallenberger Sauerland. Der \u201eBlinker II\u201c, ein Teil des WaldSkulpturenWegs, bietet sich als Fotomotiv f\u00fcr eine tolle Erinnerung an das Schmallenberger<br>Sauerland an.<\/p>\n\n\n<div style=\"min-width: 260px; max-width: 100%\"><script type=\"text\/javascript\" src=\"https:\/\/regio.outdooractive.com\/oar-schmallenberg\/de\/embed\/13601212\/js?mw=false\"><\/script><\/div>\n\n<div style=\"min-width: 260px; max-width: 100%\"><script type=\"text\/javascript\" src=\"https:\/\/regio.outdooractive.com\/oar-schmallenberg\/de\/embed\/13601651\/js?mw=false\"><\/script><\/div>\n\n\n<hr class=\"wp-block-separator\"\/>\n\n\n\n<p><strong>Golddorfroute Oberkirchen<\/strong><\/p>\n\n\n\n<p>Die Golddorfroute Oberkirchen ist eine von 12 Golddorfrouten im Schmal- lenberger-Sauerland. Jedes Dorf, dass mit \u201eGold\u201c im Wettbewerb \u201eUnser Dorf soll sch\u00f6ner werden\u201c &#8211; \u201eUnser Dorf hat Zukunft\u201c ausgezeichnet wurde, durfte eine speziellen Golddorf-Route auszeichnen. Aussichtsreiche, natur- nahe Tour mit Einkehrm\u00f6glichkeiten rund um das Golddorf Oberkirchen im Schmallenberger Sauerland.<\/p>\n\n\n\n<p>Startpunkt der Wanderung ist in der Ortsmitte von Oberkirchen am Landhotel Gasthof Sch\u00fctte. Die Wanderung f\u00fchrt von Oberkirchen aus hinauf \u00fcber einen Naturpfad durch das aussichtsreiche Naturschutzgebiet \u201eSommerseite\u201c zu D\u00f6pps Feldscheune.<\/p>\n\n\n\n<p>Weiter f\u00fchrt Sie der Weg hinauf auf die Ennest, von wo aus Sie einen herrlichen Rundumblick und einen grandiosen Blick ins Lennetal genie\u00dfen k\u00f6nnen. Nun geht es hinab in Richtung Gut Vorwald, wo die M\u00f6glichkeit zur Einkehr besteht. \u00dcber einen Naturpfad am Hirscheck geht es nun lang- sam zur\u00fcck nach Oberkirchen. Auch hier bieten sich nochmal verschiedene M\u00f6glichkeiten zur Einkehr an.<\/p>\n\n\n<div style=\"min-width: 260px; max-width: 100%\"><script type=\"text\/javascript\" src=\"https:\/\/regio.outdooractive.com\/oar-schmallenberg\/de\/embed\/6256520\/js?mw=false\"><\/script><\/div>\n\n\n<hr class=\"wp-block-separator\"\/>\n\n\n\n<p><strong>Ortsrundwanderweg V1<\/strong><\/p>\n\n\n\n<p>Gestartet wird diese Tour in Vorwald. Die Strecke f\u00fchrt Sie \u00fcber historische Waldpl\u00e4tze hinauf bis zum Heidenstock auf den Kamm des Rothaargebirges. Hier wandern Sie ein St\u00fcck mit dem Rothaarsteig bevor es talw\u00e4rts entlang des Bremberges zur\u00fcck nach Gut Vorwald geht.<\/p>\n\n\n<div style=\"min-width: 260px; max-width: 100%\"><script type=\"text\/javascript\" src=\"https:\/\/regio.outdooractive.com\/oar-schmallenberg\/de\/embed\/13601902\/js?mw=false\"><\/script><\/div>\n\n\n<hr class=\"wp-block-separator\"\/>\n\n\n\n<p><strong>Downloads<\/strong><\/p>\n\n\n\n<div class=\"wp-block-file\"><a href=\"https:\/\/sgv-oberkirchen.de\/ver_01\/wp-content\/uploads\/2021\/04\/Oberkirchen_Wanderkarte_321_5_split_11.pdf\">Wanderkarte Oberkirchen<\/a><a href=\"https:\/\/sgv-oberkirchen.de\/ver_01\/wp-content\/uploads\/2021\/04\/Oberkirchen_Wanderkarte_321_5_split_11.pdf\" class=\"wp-block-file__button\" download>Herunterladen<\/a><\/div>\n","protected":false},"excerpt":{"rendered":"<p>Ortsrundwanderweg 01 Durch waldreiches Gebiet bergauf gelangen Sie \u00fcber den M\u00fcckenplatz zum mystischen Hexenplatz. Von dort aus geht es wieder bergab, \u00fcber die L\u00fcttmecke zur\u00fcck in die Ortschaft Oberkirchen. Ortsrundwanderweg 03 Der&nbsp;Hardtkopfsteig&nbsp;ist der ideale Wanderweg f\u00fcr echte Naturfreunde und sportliche Familien. Wandern Sie von Oberkirchens Dorfmitte bis zu Deimanns H\u00fctte ausschlie\u00dflich \u00fcber Naturpfade in einer [&hellip;]<\/p>\n","protected":false},"author":1,"featured_media":0,"parent":0,"menu_order":0,"comment_status":"closed","ping_status":"closed","template":"","meta":{"footnotes":""},"class_list":["post-23","page","type-page","status-publish","hentry","post"],"_links":{"self":[{"href":"https:\/\/sgv-oberkirchen.de\/ver_01\/wp-json\/wp\/v2\/pages\/23","targetHints":{"allow":["GET"]}}],"collection":[{"href":"https:\/\/sgv-oberkirchen.de\/ver_01\/wp-json\/wp\/v2\/pages"}],"about":[{"href":"https:\/\/sgv-oberkirchen.de\/ver_01\/wp-json\/wp\/v2\/types\/page"}],"author":[{"embeddable":true,"href":"https:\/\/sgv-oberkirchen.de\/ver_01\/wp-json\/wp\/v2\/users\/1"}],"replies":[{"embeddable":true,"href":"https:\/\/sgv-oberkirchen.de\/ver_01\/wp-json\/wp\/v2\/comments?post=23"}],"version-history":[{"count":15,"href":"https:\/\/sgv-oberkirchen.de\/ver_01\/wp-json\/wp\/v2\/pages\/23\/revisions"}],"predecessor-version":[{"id":423,"href":"https:\/\/sgv-oberkirchen.de\/ver_01\/wp-json\/wp\/v2\/pages\/23\/revisions\/423"}],"wp:attachment":[{"href":"https:\/\/sgv-oberkirchen.de\/ver_01\/wp-json\/wp\/v2\/media?parent=23"}],"curies":[{"name":"wp","href":"https:\/\/api.w.org\/{rel}","templated":true}]}}